{"id":887,"date":"2022-02-20T12:11:45","date_gmt":"2022-02-20T11:11:45","guid":{"rendered":"https:\/\/clgfrancois-rabelais37.fr\/?page_id=887"},"modified":"2022-02-20T12:24:39","modified_gmt":"2022-02-20T11:24:39","slug":"le-club-nature","status":"publish","type":"page","link":"https:\/\/clgfrancois-rabelais37.fr\/?page_id=887","title":{"rendered":"Le club \u00ab\u00a0Nature\u00a0\u00bb"},"content":{"rendered":"\n<div class=\"wp-block-columns is-layout-flex wp-container-core-columns-is-layout-9d6595d7 wp-block-columns-is-layout-flex\">\n<div class=\"wp-block-column is-layout-flow wp-block-column-is-layout-flow\">\n<p class=\"has-black-color has-text-color has-medium-font-size\">Anim\u00e9 par Mme Quilez, professeure d&rsquo;histoire-g\u00e9ographie et Mme Barbey-Tr\u00e8ve, professeure de sciences, le club se d\u00e9roule tous les lundis dans le laboratoire de technologie.<\/p>\n\n\n\n<figure class=\"wp-block-embed aligncenter is-type-rich is-provider-twitter wp-block-embed-twitter\"><div class=\"wp-block-embed__wrapper\">\n<blockquote class=\"twitter-tweet\" data-width=\"500\" data-dnt=\"true\"><p lang=\"fr\" dir=\"ltr\">&#8230; pour une sensibilisation au d\u00e9veloppement durable, \u00e0 la qualit\u00e9 de vie au coll\u00e8ge et ailleurs&#8230;<br>Gr\u00e2ce \u00e0 l&#39;engagement de leurs professeures. Merci \u00e0 elles de donner aux \u00e9l\u00e8ves le go\u00fbt d&#39;apprendre (2).<a href=\"https:\/\/twitter.com\/EmelineQuilez?ref_src=twsrc%5Etfw\">@EmelineQuilez<\/a> <a href=\"https:\/\/twitter.com\/hashtag\/E3D?src=hash&amp;ref_src=twsrc%5Etfw\">#E3D<\/a> <a href=\"https:\/\/twitter.com\/hashtag\/engagement?src=hash&amp;ref_src=twsrc%5Etfw\">#engagement<\/a> <a href=\"https:\/\/twitter.com\/hashtag\/CVC?src=hash&amp;ref_src=twsrc%5Etfw\">#CVC<\/a> <a href=\"https:\/\/t.co\/V4nSt7GbZU\">pic.twitter.com\/V4nSt7GbZU<\/a><\/p>&mdash; Coll\u00e8ge Fran\u00e7ois Rabelais (@RabelaisCollege) <a href=\"https:\/\/twitter.com\/RabelaisCollege\/status\/1458186854084354048?ref_src=twsrc%5Etfw\">November 9, 2021<\/a><\/blockquote><script async src=\"https:\/\/platform.twitter.com\/widgets.js\" charset=\"utf-8\"><\/script>\n<\/div><\/figure>\n<\/div>\n<\/div>\n\n\n\n<pre class=\"wp-block-code\"><code>\n<\/code><\/pre>\n\n\n\n<p><\/p>\n","protected":false},"excerpt":{"rendered":"<p>Anim\u00e9 par Mme Quilez, professeure d&rsquo;histoire-g\u00e9ographie et Mme Barbey-Tr\u00e8ve, professeure de sciences, le club se d\u00e9roule tous les lundis dans le laboratoire de technologie.<\/p>\n","protected":false},"author":1,"featured_media":0,"parent":0,"menu_order":0,"comment_status":"closed","ping_status":"closed","template":"","meta":{"saved_in_kubio":false,"footnotes":""},"categories":[],"tags":[],"class_list":["post-887","page","type-page","status-publish","hentry"],"kubio_ai_page_context":{"short_desc":"","purpose":"general"},"_links":{"self":[{"href":"https:\/\/clgfrancois-rabelais37.fr\/index.php?rest_route=\/wp\/v2\/pages\/887","targetHints":{"allow":["GET"]}}],"collection":[{"href":"https:\/\/clgfrancois-rabelais37.fr\/index.php?rest_route=\/wp\/v2\/pages"}],"about":[{"href":"https:\/\/clgfrancois-rabelais37.fr\/index.php?rest_route=\/wp\/v2\/types\/page"}],"author":[{"embeddable":true,"href":"https:\/\/clgfrancois-rabelais37.fr\/index.php?rest_route=\/wp\/v2\/users\/1"}],"replies":[{"embeddable":true,"href":"https:\/\/clgfrancois-rabelais37.fr\/index.php?rest_route=%2Fwp%2Fv2%2Fcomments&post=887"}],"version-history":[{"count":4,"href":"https:\/\/clgfrancois-rabelais37.fr\/index.php?rest_route=\/wp\/v2\/pages\/887\/revisions"}],"predecessor-version":[{"id":899,"href":"https:\/\/clgfrancois-rabelais37.fr\/index.php?rest_route=\/wp\/v2\/pages\/887\/revisions\/899"}],"wp:attachment":[{"href":"https:\/\/clgfrancois-rabelais37.fr\/index.php?rest_route=%2Fwp%2Fv2%2Fmedia&parent=887"}],"wp:term":[{"taxonomy":"category","embeddable":true,"href":"https:\/\/clgfrancois-rabelais37.fr\/index.php?rest_route=%2Fwp%2Fv2%2Fcategories&post=887"},{"taxonomy":"post_tag","embeddable":true,"href":"https:\/\/clgfrancois-rabelais37.fr\/index.php?rest_route=%2Fwp%2Fv2%2Ftags&post=887"}],"curies":[{"name":"wp","href":"https:\/\/api.w.org\/{rel}","templated":true}]}}