{"id":641,"date":"2021-12-28T17:51:14","date_gmt":"2021-12-28T16:51:14","guid":{"rendered":"https:\/\/clgfrancois-rabelais37.fr\/?page_id=641"},"modified":"2025-07-03T14:22:03","modified_gmt":"2025-07-03T12:22:03","slug":"quest-ce-que-lassociation-sportive","status":"publish","type":"page","link":"https:\/\/clgfrancois-rabelais37.fr\/?page_id=641","title":{"rendered":"Qu\u2019est-ce que l\u2019Association sportive ?"},"content":{"rendered":"\n\n\n<p class=\"has-kubio-color-1-background-color has-background has-medium-font-size\" style=\"border-radius:53px;text-transform:uppercase\"><strong>C\u2019est le club sportif du coll\u00e8ge qui fonctionne tous les mercredis apr\u00e8s-midis&nbsp;!<br>On y pratique de multiples activit\u00e9s sportives avec les copains du coll\u00e8ge et les professeurs d\u2019EPS. <\/strong><\/p>\n\n\n\n<p class=\"has-kubio-color-1-background-color has-background has-medium-font-size\" style=\"border-radius:53px;text-transform:uppercase\"><strong>Des sorties sont organis\u00e9es&nbsp;! (patinoire, matchs de volley \u2026)<\/strong><\/p>\n\n\n\n<h4 class=\"wp-block-heading has-kubio-color-2-color has-text-color has-link-color wp-elements-ae320330645fbf88298b65caa1750690\"><strong>QUELLES ACTIVIT\u00c9S&nbsp;?<\/strong><\/h4>\n\n\n\n<p class=\"has-text-align-center has-medium-font-size\"><strong>BASKET BALL, HANDBALL, VOLLEY BALL, <a href=\"https:\/\/fr.wikipedia.org\/wiki\/Futsal\">FUTSAL<\/a>, BADMINTON, ATHL\u00c9TISME en fonction du calendrier des comp\u00e9titions.<\/strong><br><\/p>\n\n\n\n<p><strong>Les entra\u00eenements ont lieu au GYMNASE MERMOZ (\u00e0 c\u00f4t\u00e9 de l\u2019\u00e9cole Maryse Basti\u00e9), les rencontres sportives (matchs et comp\u00e9titions) ont lieu \u00e0 Tours ou dans les communes de l\u2019agglom\u00e9ration tourangelle. <\/strong><\/p>\n\n\n\n<p><strong>Les d\u00e9placements se font alors en bus, accompagn\u00e9s par un professeur d\u2019EPS.<\/strong><\/p>\n\n\n\n<p class=\"has-text-align-center has-kubio-color-4-color has-text-color has-link-color has-medium-font-size wp-elements-fd6cf95cc2d384d71aba47e79c7ebc0e\"><strong>LES HORAIRES&nbsp;: DE 14 H \u00e0 16 H en cas d\u2019entra\u00eenement<br>DE 13H30 \u00e0 17 H en d\u00e9placement, matchs<\/strong><\/p>\n\n\n\n<p><strong>PRIX DE LA COTISATION&nbsp;: 30 EUROS pour l\u2019ann\u00e9e scolaire<\/strong><\/p>\n\n\n","protected":false},"excerpt":{"rendered":"<p>C\u2019est le club sportif du coll\u00e8ge qui fonctionne tous les mercredis apr\u00e8s-midis&nbsp;!On y pratique de multiples activit\u00e9s sportives avec les copains du coll\u00e8ge et les professeurs d\u2019EPS. Des sorties sont organis\u00e9es&nbsp;! (patinoire, matchs de volley \u2026) QUELLES ACTIVIT\u00c9S&nbsp;? BASKET BALL, HANDBALL, VOLLEY BALL, FUTSAL, BADMINTON, ATHL\u00c9TISME en fonction du calendrier des comp\u00e9titions. Les entra\u00eenements ont [&hellip;]<\/p>\n","protected":false},"author":1,"featured_media":0,"parent":0,"menu_order":0,"comment_status":"closed","ping_status":"closed","template":"","meta":{"saved_in_kubio":true,"footnotes":""},"categories":[],"tags":[],"class_list":["post-641","page","type-page","status-publish","hentry"],"kubio_ai_page_context":{"short_desc":"","purpose":"general"},"_links":{"self":[{"href":"https:\/\/clgfrancois-rabelais37.fr\/index.php?rest_route=\/wp\/v2\/pages\/641","targetHints":{"allow":["GET"]}}],"collection":[{"href":"https:\/\/clgfrancois-rabelais37.fr\/index.php?rest_route=\/wp\/v2\/pages"}],"about":[{"href":"https:\/\/clgfrancois-rabelais37.fr\/index.php?rest_route=\/wp\/v2\/types\/page"}],"author":[{"embeddable":true,"href":"https:\/\/clgfrancois-rabelais37.fr\/index.php?rest_route=\/wp\/v2\/users\/1"}],"replies":[{"embeddable":true,"href":"https:\/\/clgfrancois-rabelais37.fr\/index.php?rest_route=%2Fwp%2Fv2%2Fcomments&post=641"}],"version-history":[{"count":4,"href":"https:\/\/clgfrancois-rabelais37.fr\/index.php?rest_route=\/wp\/v2\/pages\/641\/revisions"}],"predecessor-version":[{"id":4383,"href":"https:\/\/clgfrancois-rabelais37.fr\/index.php?rest_route=\/wp\/v2\/pages\/641\/revisions\/4383"}],"wp:attachment":[{"href":"https:\/\/clgfrancois-rabelais37.fr\/index.php?rest_route=%2Fwp%2Fv2%2Fmedia&parent=641"}],"wp:term":[{"taxonomy":"category","embeddable":true,"href":"https:\/\/clgfrancois-rabelais37.fr\/index.php?rest_route=%2Fwp%2Fv2%2Fcategories&post=641"},{"taxonomy":"post_tag","embeddable":true,"href":"https:\/\/clgfrancois-rabelais37.fr\/index.php?rest_route=%2Fwp%2Fv2%2Ftags&post=641"}],"curies":[{"name":"wp","href":"https:\/\/api.w.org\/{rel}","templated":true}]}}