{"id":2840,"date":"2024-04-08T18:23:24","date_gmt":"2024-04-08T16:23:24","guid":{"rendered":"https:\/\/clgfrancois-rabelais37.fr\/?page_id=2840"},"modified":"2024-04-08T18:23:25","modified_gmt":"2024-04-08T16:23:25","slug":"les-jardins-extraordinaires-des-eleves-de-5eme4-2","status":"publish","type":"page","link":"https:\/\/clgfrancois-rabelais37.fr\/?page_id=2840","title":{"rendered":"Les jardins extraordinaires des \u00e9l\u00e8ves de 5EME4"},"content":{"rendered":"\n<p>Dans le cadre d&rsquo;un atelier d&rsquo;\u00e9criture autour des grands explorateurs, les \u00e9l\u00e8ves de 5\u00e84 ont produit des textes que nous vous engageons \u00e0 lire avec plaisir ci-dessous&#8230;<\/p>\n\n\n\n<p>La consigne? \u00ab\u00a0D\u00e9crire un jardin extraordinaire\u00a0\u00bb ou \u00ab\u00a0A la mani\u00e8re d&rsquo;un explorateur, d\u00e9crire un fruit inconnu du vieux continent.\u00a0\u00bb<\/p>\n\n\n\n<p>Bonne lecture!<\/p>\n\n\n\n<p><a href=\"https:\/\/www.calameo.com\/books\/007123638cfdf4685d49d\">Calam\u00e9o &#8211; jardins et fruits extraordinaires (calameo.com)<\/a><\/p>\n\n\n\n<p><\/p>\n","protected":false},"excerpt":{"rendered":"<p>Dans le cadre d&rsquo;un atelier d&rsquo;\u00e9criture autour des grands explorateurs, les \u00e9l\u00e8ves de 5\u00e84 ont produit des textes que nous vous engageons \u00e0 lire avec plaisir ci-dessous&#8230; La consigne? \u00ab\u00a0D\u00e9crire un jardin extraordinaire\u00a0\u00bb ou \u00ab\u00a0A la mani\u00e8re d&rsquo;un explorateur, d\u00e9crire un fruit inconnu du vieux continent.\u00a0\u00bb Bonne lecture! Calam\u00e9o &#8211; jardins et fruits extraordinaires (calameo.com)<\/p>\n","protected":false},"author":1,"featured_media":0,"parent":0,"menu_order":0,"comment_status":"closed","ping_status":"closed","template":"","meta":{"saved_in_kubio":false,"footnotes":""},"categories":[],"tags":[],"class_list":["post-2840","page","type-page","status-publish","hentry"],"kubio_ai_page_context":{"short_desc":"","purpose":"general"},"_links":{"self":[{"href":"https:\/\/clgfrancois-rabelais37.fr\/index.php?rest_route=\/wp\/v2\/pages\/2840","targetHints":{"allow":["GET"]}}],"collection":[{"href":"https:\/\/clgfrancois-rabelais37.fr\/index.php?rest_route=\/wp\/v2\/pages"}],"about":[{"href":"https:\/\/clgfrancois-rabelais37.fr\/index.php?rest_route=\/wp\/v2\/types\/page"}],"author":[{"embeddable":true,"href":"https:\/\/clgfrancois-rabelais37.fr\/index.php?rest_route=\/wp\/v2\/users\/1"}],"replies":[{"embeddable":true,"href":"https:\/\/clgfrancois-rabelais37.fr\/index.php?rest_route=%2Fwp%2Fv2%2Fcomments&post=2840"}],"version-history":[{"count":1,"href":"https:\/\/clgfrancois-rabelais37.fr\/index.php?rest_route=\/wp\/v2\/pages\/2840\/revisions"}],"predecessor-version":[{"id":2844,"href":"https:\/\/clgfrancois-rabelais37.fr\/index.php?rest_route=\/wp\/v2\/pages\/2840\/revisions\/2844"}],"wp:attachment":[{"href":"https:\/\/clgfrancois-rabelais37.fr\/index.php?rest_route=%2Fwp%2Fv2%2Fmedia&parent=2840"}],"wp:term":[{"taxonomy":"category","embeddable":true,"href":"https:\/\/clgfrancois-rabelais37.fr\/index.php?rest_route=%2Fwp%2Fv2%2Fcategories&post=2840"},{"taxonomy":"post_tag","embeddable":true,"href":"https:\/\/clgfrancois-rabelais37.fr\/index.php?rest_route=%2Fwp%2Fv2%2Ftags&post=2840"}],"curies":[{"name":"wp","href":"https:\/\/api.w.org\/{rel}","templated":true}]}}