{"id":2766,"date":"2024-02-16T10:07:20","date_gmt":"2024-02-16T09:07:20","guid":{"rendered":"https:\/\/clgfrancois-rabelais37.fr\/?page_id=2766"},"modified":"2025-07-07T17:12:00","modified_gmt":"2025-07-07T15:12:00","slug":"telephone-portable","status":"publish","type":"page","link":"https:\/\/clgfrancois-rabelais37.fr\/?page_id=2766","title":{"rendered":"T\u00e9l\u00e9phone portable"},"content":{"rendered":"\n<p class=\"has-text-align-center has-x-large-font-size\"><strong><mark style=\"background-color:rgba(var(--kubio-color-2), 1)\" class=\"has-inline-color has-kubio-color-4-color\">Le t\u00e9l\u00e9phone au coll\u00e8ge&#8230;c&rsquo;est NON!<\/mark><\/strong><\/p>\n\n\n\n\n\n<div data-wp-interactive=\"core\/file\" class=\"wp-block-file\"><object data-wp-bind--hidden=\"!state.hasPdfPreview\" hidden class=\"wp-block-file__embed\" data=\"https:\/\/clgfrancois-rabelais37.fr\/wp-content\/uploads\/2024\/02\/flyer-interdiction-portable03092018-web-992614-pdf-1503.pdf\" type=\"application\/pdf\" style=\"width:100%;height:600px\" aria-label=\"Contenu embarqu\u00e9 flyer-interdiction-portable03092018-web-992614-pdf-1503.\"><\/object><a id=\"wp-block-file--media-915e1a25-3970-43f9-94a8-d1f09f2bddf8\" href=\"https:\/\/clgfrancois-rabelais37.fr\/?attachment_id=2769\" target=\"_blank\" rel=\"noreferrer noopener\">flyer-interdiction-portable03092018-web-992614-pdf-1503<\/a><a href=\"https:\/\/clgfrancois-rabelais37.fr\/wp-content\/uploads\/2024\/02\/flyer-interdiction-portable03092018-web-992614-pdf-1503.pdf\" class=\"wp-block-file__button wp-element-button\" download aria-describedby=\"wp-block-file--media-915e1a25-3970-43f9-94a8-d1f09f2bddf8\">T\u00e9l\u00e9charger<\/a><\/div>\n\n\n\n<div data-wp-interactive=\"core\/file\" class=\"wp-block-file\"><object data-wp-bind--hidden=\"!state.hasPdfPreview\" hidden class=\"wp-block-file__embed\" data=\"https:\/\/clgfrancois-rabelais37.fr\/wp-content\/uploads\/2024\/02\/vademecum-inderdiction-portable-ecole-college-03092018-992608-pdf-1498.pdf\" type=\"application\/pdf\" style=\"width:100%;height:600px\" aria-label=\"Contenu embarqu\u00e9 vademecum-inderdiction-portable-ecole-college-03092018-992608-pdf-1498.\"><\/object><a id=\"wp-block-file--media-630fce51-40ef-49fa-aceb-b40c40c66d04\" href=\"https:\/\/clgfrancois-rabelais37.fr\/wp-content\/uploads\/2024\/02\/vademecum-inderdiction-portable-ecole-college-03092018-992608-pdf-1498.pdf\">vademecum-inderdiction-portable-ecole-college-03092018-992608-pdf-1498<\/a><a href=\"https:\/\/clgfrancois-rabelais37.fr\/wp-content\/uploads\/2024\/02\/vademecum-inderdiction-portable-ecole-college-03092018-992608-pdf-1498.pdf\" class=\"wp-block-file__button wp-element-button\" download aria-describedby=\"wp-block-file--media-630fce51-40ef-49fa-aceb-b40c40c66d04\">T\u00e9l\u00e9charger<\/a><\/div>\n\n\n","protected":false},"excerpt":{"rendered":"<p>Le t\u00e9l\u00e9phone au coll\u00e8ge&#8230;c&rsquo;est NON!<\/p>\n","protected":false},"author":1,"featured_media":0,"parent":0,"menu_order":0,"comment_status":"closed","ping_status":"closed","template":"","meta":{"saved_in_kubio":true,"footnotes":""},"categories":[],"tags":[],"class_list":["post-2766","page","type-page","status-publish","hentry"],"kubio_ai_page_context":{"short_desc":"","purpose":"general"},"_links":{"self":[{"href":"https:\/\/clgfrancois-rabelais37.fr\/index.php?rest_route=\/wp\/v2\/pages\/2766","targetHints":{"allow":["GET"]}}],"collection":[{"href":"https:\/\/clgfrancois-rabelais37.fr\/index.php?rest_route=\/wp\/v2\/pages"}],"about":[{"href":"https:\/\/clgfrancois-rabelais37.fr\/index.php?rest_route=\/wp\/v2\/types\/page"}],"author":[{"embeddable":true,"href":"https:\/\/clgfrancois-rabelais37.fr\/index.php?rest_route=\/wp\/v2\/users\/1"}],"replies":[{"embeddable":true,"href":"https:\/\/clgfrancois-rabelais37.fr\/index.php?rest_route=%2Fwp%2Fv2%2Fcomments&post=2766"}],"version-history":[{"count":5,"href":"https:\/\/clgfrancois-rabelais37.fr\/index.php?rest_route=\/wp\/v2\/pages\/2766\/revisions"}],"predecessor-version":[{"id":4401,"href":"https:\/\/clgfrancois-rabelais37.fr\/index.php?rest_route=\/wp\/v2\/pages\/2766\/revisions\/4401"}],"wp:attachment":[{"href":"https:\/\/clgfrancois-rabelais37.fr\/index.php?rest_route=%2Fwp%2Fv2%2Fmedia&parent=2766"}],"wp:term":[{"taxonomy":"category","embeddable":true,"href":"https:\/\/clgfrancois-rabelais37.fr\/index.php?rest_route=%2Fwp%2Fv2%2Fcategories&post=2766"},{"taxonomy":"post_tag","embeddable":true,"href":"https:\/\/clgfrancois-rabelais37.fr\/index.php?rest_route=%2Fwp%2Fv2%2Ftags&post=2766"}],"curies":[{"name":"wp","href":"https:\/\/api.w.org\/{rel}","templated":true}]}}