{"id":2364,"date":"2023-08-18T18:51:38","date_gmt":"2023-08-18T16:51:38","guid":{"rendered":"https:\/\/clgfrancois-rabelais37.fr\/?page_id=2364"},"modified":"2025-07-03T09:45:21","modified_gmt":"2025-07-03T07:45:21","slug":"comite-deducation-a-la-sante-a-la-citoyennete-et-a-lenvironnement-du-4-juillet-2023","status":"publish","type":"page","link":"https:\/\/clgfrancois-rabelais37.fr\/?page_id=2364","title":{"rendered":"CESCE : Comit\u00e9 d\u2019\u00c9ducation \u00e0 la Sant\u00e9, \u00e0 la citoyennet\u00e9 et \u00e0 l&rsquo;environnement"},"content":{"rendered":"\n<h2 class=\"wp-block-heading alignwide\" id=\"we-re-a-studio-in-berlin-with-an-international-practice-in-architecture-urban-planning-and-interior-design-we-believe-in-sharing-knowledge-and-promoting-dialogue-to-increase-the-creative-potential-of-collaboration\" style=\"font-size:48px;line-height:1.1\">9 novembre 2023<\/h2>\n\n\n\n<div style=\"position: relative; width: 100%; height: 0; padding-top: 70.7071%;\n padding-bottom: 0; box-shadow: 0 2px 8px 0 rgba(63,69,81,0.16); margin-top: 1.6em; margin-bottom: 0.9em; overflow: hidden;\n border-radius: 8px; will-change: transform;\">\n  <iframe loading=\"lazy\" style=\"position: absolute; width: 100%; height: 100%; top: 0; left: 0; border: none; padding: 0;margin: 0;\"\n    src=\"https:&#x2F;&#x2F;www.canva.com&#x2F;design&#x2F;DAF5TRsvJtc&#x2F;view?embed\" allowfullscreen=\"allowfullscreen\" allow=\"fullscreen\">\n  <\/iframe>\n<\/div>\n<a href=\"https:&#x2F;&#x2F;www.canva.com&#x2F;design&#x2F;DAF5TRsvJtc&#x2F;view?utm_content=DAF5TRsvJtc&amp;utm_campaign=designshare&amp;utm_medium=embeds&amp;utm_source=link\" target=\"_blank\" rel=\"noopener\">CESCE NOVEMBRE 2023<\/a> par Vicet\n\n\n\n<h2 class=\"wp-block-heading alignwide\" id=\"we-re-a-studio-in-berlin-with-an-international-practice-in-architecture-urban-planning-and-interior-design-we-believe-in-sharing-knowledge-and-promoting-dialogue-to-increase-the-creative-potential-of-collaboration\" style=\"font-size:48px;line-height:1.1\">4 juillet 2023<\/h2>\n\n\n\n<div style=\"position: relative; width: 100%; height: 0; padding-top: 70.7071%;\n padding-bottom: 0; box-shadow: 0 2px 8px 0 rgba(63,69,81,0.16); margin-top: 1.6em; margin-bottom: 0.9em; overflow: hidden;\n border-radius: 8px; will-change: transform;\">\n  <iframe loading=\"lazy\" style=\"position: absolute; width: 100%; height: 100%; top: 0; left: 0; border: none; padding: 0;margin: 0;\"\n    src=\"https:&#x2F;&#x2F;www.canva.com&#x2F;design&#x2F;DAFnrNxkcD8&#x2F;view?embed\" allowfullscreen=\"allowfullscreen\" allow=\"fullscreen\">\n  <\/iframe>\n<\/div>\n<a href=\"https:&#x2F;&#x2F;www.canva.com&#x2F;design&#x2F;DAFnrNxkcD8&#x2F;view?utm_content=DAFnrNxkcD8&amp;utm_campaign=designshare&amp;utm_medium=embeds&amp;utm_source=link\" target=\"_blank\" rel=\"noopener\"> CESCE &#8211; Juillet 2023<\/a> par Vicet\n","protected":false},"excerpt":{"rendered":"<p>9 novembre 2023 CESCE NOVEMBRE 2023 par Vicet 4 juillet 2023 CESCE &#8211; Juillet 2023 par Vicet<\/p>\n","protected":false},"author":1,"featured_media":0,"parent":0,"menu_order":0,"comment_status":"closed","ping_status":"closed","template":"","meta":{"saved_in_kubio":false,"footnotes":""},"categories":[],"tags":[],"class_list":["post-2364","page","type-page","status-publish","hentry"],"kubio_ai_page_context":{"short_desc":"","purpose":"general"},"_links":{"self":[{"href":"https:\/\/clgfrancois-rabelais37.fr\/index.php?rest_route=\/wp\/v2\/pages\/2364","targetHints":{"allow":["GET"]}}],"collection":[{"href":"https:\/\/clgfrancois-rabelais37.fr\/index.php?rest_route=\/wp\/v2\/pages"}],"about":[{"href":"https:\/\/clgfrancois-rabelais37.fr\/index.php?rest_route=\/wp\/v2\/types\/page"}],"author":[{"embeddable":true,"href":"https:\/\/clgfrancois-rabelais37.fr\/index.php?rest_route=\/wp\/v2\/users\/1"}],"replies":[{"embeddable":true,"href":"https:\/\/clgfrancois-rabelais37.fr\/index.php?rest_route=%2Fwp%2Fv2%2Fcomments&post=2364"}],"version-history":[{"count":4,"href":"https:\/\/clgfrancois-rabelais37.fr\/index.php?rest_route=\/wp\/v2\/pages\/2364\/revisions"}],"predecessor-version":[{"id":4336,"href":"https:\/\/clgfrancois-rabelais37.fr\/index.php?rest_route=\/wp\/v2\/pages\/2364\/revisions\/4336"}],"wp:attachment":[{"href":"https:\/\/clgfrancois-rabelais37.fr\/index.php?rest_route=%2Fwp%2Fv2%2Fmedia&parent=2364"}],"wp:term":[{"taxonomy":"category","embeddable":true,"href":"https:\/\/clgfrancois-rabelais37.fr\/index.php?rest_route=%2Fwp%2Fv2%2Fcategories&post=2364"},{"taxonomy":"post_tag","embeddable":true,"href":"https:\/\/clgfrancois-rabelais37.fr\/index.php?rest_route=%2Fwp%2Fv2%2Ftags&post=2364"}],"curies":[{"name":"wp","href":"https:\/\/api.w.org\/{rel}","templated":true}]}}