{"id":1269,"date":"2022-04-24T11:31:19","date_gmt":"2022-04-24T09:31:19","guid":{"rendered":"https:\/\/clgfrancois-rabelais37.fr\/?page_id=1269"},"modified":"2022-04-24T11:32:50","modified_gmt":"2022-04-24T09:32:50","slug":"lespace-sante-jeunes-intervient-pour-les-4eme","status":"publish","type":"page","link":"https:\/\/clgfrancois-rabelais37.fr\/?page_id=1269","title":{"rendered":"L&rsquo;Espace Sant\u00e9 Jeunes intervient pour les 4\u00e8me"},"content":{"rendered":"\n<p>Pendant les mois d&rsquo;avril et mai, les \u00e9l\u00e8ves de 4\u00e8me pourront b\u00e9n\u00e9ficier d&rsquo;une sensibilisation aux conduites addictives par Emilie Saussereau, et son \u00e9quipe d&rsquo;intervenants charg\u00e9s de pr\u00e9vention sant\u00e9. <\/p>\n\n\n\n<p><a rel=\"noreferrer noopener\" href=\"https:\/\/www.fesj.org\/37-Espace-Sante-Jeunes-de-Tours\" target=\"_blank\">https:\/\/www.fesj.org\/37-Espace-Sante-Jeunes-de-Tours<\/a><\/p>\n\n\n\n<div data-wp-interactive=\"core\/file\" class=\"wp-block-file\"><object data-wp-bind--hidden=\"!state.hasPdfPreview\" hidden class=\"wp-block-file__embed\" data=\"https:\/\/clgfrancois-rabelais37.fr\/wp-content\/uploads\/2022\/04\/Calendrier-interventions-ESJ_Classes-de-4EME_avril-mai-2022.pdf\" type=\"application\/pdf\" style=\"width:100%;height:600px\" aria-label=\"Contenu embarqu\u00e9 Contenu embarqu\u00e9 Calendrier-interventions-ESJ_Classes-de-4EME_avril-mai-2022..\"><\/object><a id=\"wp-block-file--media-8f9b0ef4-c26b-427f-a045-971babfb0f18\" href=\"https:\/\/clgfrancois-rabelais37.fr\/wp-content\/uploads\/2022\/04\/Calendrier-interventions-ESJ_Classes-de-4EME_avril-mai-2022.pdf\">Calendrier-interventions-ESJ_Classes-de-4EME_avril-mai-2022<\/a><a href=\"https:\/\/clgfrancois-rabelais37.fr\/wp-content\/uploads\/2022\/04\/Calendrier-interventions-ESJ_Classes-de-4EME_avril-mai-2022.pdf\" class=\"wp-block-file__button\" download aria-describedby=\"wp-block-file--media-8f9b0ef4-c26b-427f-a045-971babfb0f18\">T\u00e9l\u00e9charger<\/a><\/div>\n","protected":false},"excerpt":{"rendered":"<p>Pendant les mois d&rsquo;avril et mai, les \u00e9l\u00e8ves de 4\u00e8me pourront b\u00e9n\u00e9ficier d&rsquo;une sensibilisation aux conduites addictives par Emilie Saussereau, et son \u00e9quipe d&rsquo;intervenants charg\u00e9s de pr\u00e9vention sant\u00e9. https:\/\/www.fesj.org\/37-Espace-Sante-Jeunes-de-Tours<\/p>\n","protected":false},"author":1,"featured_media":0,"parent":0,"menu_order":0,"comment_status":"closed","ping_status":"closed","template":"","meta":{"saved_in_kubio":false,"footnotes":""},"categories":[5],"tags":[],"class_list":["post-1269","page","type-page","status-publish","hentry","category-accueil"],"kubio_ai_page_context":{"short_desc":"","purpose":"general"},"_links":{"self":[{"href":"https:\/\/clgfrancois-rabelais37.fr\/index.php?rest_route=\/wp\/v2\/pages\/1269","targetHints":{"allow":["GET"]}}],"collection":[{"href":"https:\/\/clgfrancois-rabelais37.fr\/index.php?rest_route=\/wp\/v2\/pages"}],"about":[{"href":"https:\/\/clgfrancois-rabelais37.fr\/index.php?rest_route=\/wp\/v2\/types\/page"}],"author":[{"embeddable":true,"href":"https:\/\/clgfrancois-rabelais37.fr\/index.php?rest_route=\/wp\/v2\/users\/1"}],"replies":[{"embeddable":true,"href":"https:\/\/clgfrancois-rabelais37.fr\/index.php?rest_route=%2Fwp%2Fv2%2Fcomments&post=1269"}],"version-history":[{"count":2,"href":"https:\/\/clgfrancois-rabelais37.fr\/index.php?rest_route=\/wp\/v2\/pages\/1269\/revisions"}],"predecessor-version":[{"id":1274,"href":"https:\/\/clgfrancois-rabelais37.fr\/index.php?rest_route=\/wp\/v2\/pages\/1269\/revisions\/1274"}],"wp:attachment":[{"href":"https:\/\/clgfrancois-rabelais37.fr\/index.php?rest_route=%2Fwp%2Fv2%2Fmedia&parent=1269"}],"wp:term":[{"taxonomy":"category","embeddable":true,"href":"https:\/\/clgfrancois-rabelais37.fr\/index.php?rest_route=%2Fwp%2Fv2%2Fcategories&post=1269"},{"taxonomy":"post_tag","embeddable":true,"href":"https:\/\/clgfrancois-rabelais37.fr\/index.php?rest_route=%2Fwp%2Fv2%2Ftags&post=1269"}],"curies":[{"name":"wp","href":"https:\/\/api.w.org\/{rel}","templated":true}]}}